{"id":2,"date":"2016-05-10T03:48:21","date_gmt":"2016-05-10T03:48:21","guid":{"rendered":"http:\/\/eido-germany.de\/?page_id=2"},"modified":"2019-02-13T12:38:09","modified_gmt":"2019-02-13T11:38:09","slug":"sample-page","status":"publish","type":"page","link":"https:\/\/eido-germany.de\/","title":{"rendered":"Startseite"},"content":{"rendered":"<div class=\"fusion-fullwidth fullwidth-box fusion-builder-row-1 nonhundred-percent-fullwidth non-hundred-percent-height-scrolling\" style=\"--awb-border-radius-top-left:0px;--awb-border-radius-top-right:0px;--awb-border-radius-bottom-right:0px;--awb-border-radius-bottom-left:0px;--awb-flex-wrap:wrap;\" ><div class=\"fusion-builder-row fusion-row\"><div class=\"fusion-layout-column fusion_builder_column fusion-builder-column-0 fusion_builder_column_1_1 1_1 fusion-one-full fusion-column-first fusion-column-last\" style=\"--awb-bg-size:cover;--awb-margin-bottom:0px;\"><div class=\"fusion-column-wrapper fusion-flex-column-wrapper-legacy\"><div class=\"fusion-text fusion-text-1\"><h1><span style=\"color: #ff4d00;\"><span style=\"color: #ff4d00;\">Wir stehen f\u00fcr Effizienz, Innovation, Dynamik und Optimierung<\/span><br \/>\n<\/span><\/h1>\n<h2><\/h2>\n<h3>Kein b\u00f6rsengetriebenes Denken und Handeln sondern unternehmerische Grundwerte wie Transparenz, Offenheit, Klarheit, Fairness, Nachhaltigkeit und Zuverl\u00e4ssigkeit bilden die Basis unserer Aktivit\u00e4ten.<\/h3>\n<h3>Wir streben langfristige Partnerschaften und h\u00f6chste Kundenzufriedenheit an. Als Grundlage daf\u00fcr sehen wir die einfachen Dinge wie zuverl\u00e4ssige, klare Kommunikation, Zuh\u00f6ren statt \u00dcberreden, P\u00fcnktlichkeit, Einhaltung von Zeit- und Kostenbudgets, Ber\u00fccksichtigung Ihrer W\u00fcnsche.<\/h3>\n<h3>Wir sehen uns als K\u00fcmmerer, der Ihre W\u00fcnsche respektiert, Sie entlastet und Ihnen die unangenehmen Dinge abnimmt. Konzentrieren und fokussieren Sie sich auf das, was Ihnen Freude bereitet. Wir tun es auch \u2013 Leidenschaft f\u00fcr Technik und Freude am T\u00fcfteln nach der besten L\u00f6sung f\u00fcr Ihre Bed\u00fcrfnisse.<\/h3>\n<\/div><div class=\"fusion-clearfix\"><\/div><\/div><\/div><\/div><\/div>\n","protected":false},"excerpt":{"rendered":"","protected":false},"author":1,"featured_media":0,"parent":0,"menu_order":0,"comment_status":"closed","ping_status":"open","template":"","meta":{"_exactmetrics_skip_tracking":false,"_exactmetrics_sitenote_active":false,"_exactmetrics_sitenote_note":"","_exactmetrics_sitenote_category":0,"footnotes":""},"class_list":["post-2","page","type-page","status-publish","hentry"],"_links":{"self":[{"href":"https:\/\/eido-germany.de\/index.php?rest_route=\/wp\/v2\/pages\/2","targetHints":{"allow":["GET"]}}],"collection":[{"href":"https:\/\/eido-germany.de\/index.php?rest_route=\/wp\/v2\/pages"}],"about":[{"href":"https:\/\/eido-germany.de\/index.php?rest_route=\/wp\/v2\/types\/page"}],"author":[{"embeddable":true,"href":"https:\/\/eido-germany.de\/index.php?rest_route=\/wp\/v2\/users\/1"}],"replies":[{"embeddable":true,"href":"https:\/\/eido-germany.de\/index.php?rest_route=%2Fwp%2Fv2%2Fcomments&post=2"}],"version-history":[{"count":15,"href":"https:\/\/eido-germany.de\/index.php?rest_route=\/wp\/v2\/pages\/2\/revisions"}],"predecessor-version":[{"id":1908,"href":"https:\/\/eido-germany.de\/index.php?rest_route=\/wp\/v2\/pages\/2\/revisions\/1908"}],"wp:attachment":[{"href":"https:\/\/eido-germany.de\/index.php?rest_route=%2Fwp%2Fv2%2Fmedia&parent=2"}],"curies":[{"name":"wp","href":"https:\/\/api.w.org\/{rel}","templated":true}]}}