{"id":18,"date":"2018-02-21T00:39:16","date_gmt":"2018-02-20T23:39:16","guid":{"rendered":"http:\/\/eido-germany.de\/?page_id=18"},"modified":"2018-06-04T14:53:17","modified_gmt":"2018-06-04T13:53:17","slug":"effizienz","status":"publish","type":"page","link":"https:\/\/eido-germany.de\/?page_id=18","title":{"rendered":"eido"},"content":{"rendered":"<p><div class=\"fusion-fullwidth fullwidth-box fusion-builder-row-1 nonhundred-percent-fullwidth non-hundred-percent-height-scrolling\" style=\"--awb-border-radius-top-left:0px;--awb-border-radius-top-right:0px;--awb-border-radius-bottom-right:0px;--awb-border-radius-bottom-left:0px;--awb-flex-wrap:wrap;\" ><div class=\"fusion-builder-row fusion-row\"><div class=\"fusion-layout-column fusion_builder_column fusion-builder-column-0 fusion_builder_column_1_5 1_5 fusion-one-fifth fusion-column-first\" style=\"--awb-bg-size:cover;width:20%;width:calc(20% - ( ( 4% ) * 0.2 ) );margin-right: 4%;\"><div class=\"fusion-column-wrapper fusion-flex-column-wrapper-legacy\"><div class=\"fusion-counters-circle counters-circle\" data-animationOffset=\"top-into-view\"><div class=\"counter-circle-wrapper\" style=\"--awb-font-size:50px;--awb-size:220px;\" data-originalsize=\"220\"><div class=\"fusion-counter-circle counter-circle counter-circle-content\" data-percent=\"25\" data-countdown=\"\" data-filledcolor=\"rgba(255,77,0,1)\" data-unfilledcolor=\"rgba(246,246,246,1)\" data-scale=\"\" data-size=\"220\" data-speed=\"2000\" data-strokesize=\"11\"><div class=\"fusion-counter-circle-content-inner\">EFFIZIENZ<\/div><\/div><\/div><\/div><div class=\"fusion-text fusion-text-1\"><\/div><div class=\"fusion-clearfix\"><\/div><\/div><\/div><div class=\"fusion-layout-column fusion_builder_column fusion-builder-column-1 fusion_builder_column_4_5 4_5 fusion-four-fifth fusion-column-last\" style=\"--awb-bg-size:cover;--awb-margin-bottom:0px;width:80%;width:calc(80% - ( ( 4% ) * 0.8 ) );\"><div class=\"fusion-column-wrapper fusion-flex-column-wrapper-legacy\"><div class=\"fusion-text fusion-text-2\"><p><span style=\"color: #000000;\">Unsere Konzepte zielen auf bezahlbare und wirtschaftliche Effizienz. Es bereitet uns Freude, Einsparpotentiale zu identifizieren. Das allein ist keine Kunst. Unser Anspruch ist die Entwicklung und Umsetzung wirtschaftlicher und wertsteigernder Einsparma\u00dfnahmen.<\/span><\/p>\n<ul>\n<li>Nutzungsgradoptimierung<\/li>\n<li>W\u00e4rmer\u00fcckgewinnungskonzepte<\/li>\n<li>Stromerzeugungskonzepte (Notstrom, Ersatzstrom, Insell\u00f6sungen, Hybridsysteme)<\/li>\n<li>Konzepte zur Nutzung Erneuerbarer Energien, Kraft-W\u00e4rme-Kopplung (KWK), Kraft-W\u00e4rme-K\u00e4lte-Kopplung (KWKK)<\/li>\n<\/ul>\n<\/div><div class=\"fusion-clearfix\"><\/div><\/div><\/div><\/div><\/div><div class=\"fusion-fullwidth fullwidth-box fusion-builder-row-2 nonhundred-percent-fullwidth non-hundred-percent-height-scrolling\" style=\"--awb-border-radius-top-left:0px;--awb-border-radius-top-right:0px;--awb-border-radius-bottom-right:0px;--awb-border-radius-bottom-left:0px;--awb-flex-wrap:wrap;\" ><div class=\"fusion-builder-row fusion-row\"><div class=\"fusion-layout-column fusion_builder_column fusion-builder-column-2 fusion_builder_column_1_5 1_5 fusion-one-fifth fusion-column-first\" style=\"--awb-bg-size:cover;width:20%;width:calc(20% - ( ( 4% ) * 0.2 ) );margin-right: 4%;\"><div class=\"fusion-column-wrapper fusion-flex-column-wrapper-legacy\"><div class=\"fusion-counters-circle counters-circle\" data-animationOffset=\"top-into-view\"><div class=\"counter-circle-wrapper\" style=\"--awb-font-size:50px;--awb-size:220px;\" data-originalsize=\"220\"><div class=\"fusion-counter-circle counter-circle counter-circle-content\" data-percent=\"50\" data-countdown=\"\" data-filledcolor=\"rgba(255,77,0,1)\" data-unfilledcolor=\"rgba(246,246,246,1)\" data-scale=\"\" data-size=\"220\" data-speed=\"2000\" data-strokesize=\"11\"><div class=\"fusion-counter-circle-content-inner\">INNOVATION<\/div><\/div><\/div><\/div><div class=\"fusion-text fusion-text-3\"><\/div><div class=\"fusion-clearfix\"><\/div><\/div><\/div><div class=\"fusion-layout-column fusion_builder_column fusion-builder-column-3 fusion_builder_column_4_5 4_5 fusion-four-fifth fusion-column-last\" style=\"--awb-bg-size:cover;--awb-margin-bottom:0px;width:80%;width:calc(80% - ( ( 4% ) * 0.8 ) );\"><div class=\"fusion-column-wrapper fusion-flex-column-wrapper-legacy\"><div class=\"fusion-text fusion-text-4\"><p><span style=\"color: #000000;\">Wir verfolgen stetig technische und energiewirtschaftliche Entwicklungen. Dabei gilt es zu selektieren, um die f\u00fcr unsere Kunden relevanten Innovationen zu erkennen. <\/span><span style=\"color: #000000;\">Ma\u00dfgeschneiderte zukunftsorientierte Kundenl\u00f6sungen gibt es manchmal nur durch den notwendigen Mut zu Pilotprojekten. Unsere Neugierde und die Frage, ob Hersteller und Entwickler halten, was ihre technischen Innovationen versprechen, treiben uns an.<\/span><\/p>\n<ul>\n<li>Turbinensysteme<\/li>\n<li>Speichersysteme (Wasserstoff, Power-to-Gas, Power-to-Heat, Power-to-X)<\/li>\n<li>Gasantriebe anstatt E-Motoren<\/li>\n<li>Lastmanagementsysteme<\/li>\n<li>Energie aus Reststoffen (hidden fuels)<\/li>\n<\/ul>\n<\/div><div class=\"fusion-clearfix\"><\/div><\/div><\/div><\/div><\/div><div class=\"fusion-fullwidth fullwidth-box fusion-builder-row-3 nonhundred-percent-fullwidth non-hundred-percent-height-scrolling\" style=\"--awb-border-radius-top-left:0px;--awb-border-radius-top-right:0px;--awb-border-radius-bottom-right:0px;--awb-border-radius-bottom-left:0px;--awb-flex-wrap:wrap;\" ><div class=\"fusion-builder-row fusion-row\"><div class=\"fusion-layout-column fusion_builder_column fusion-builder-column-4 fusion_builder_column_1_5 1_5 fusion-one-fifth fusion-column-first\" style=\"--awb-bg-size:cover;width:20%;width:calc(20% - ( ( 4% ) * 0.2 ) );margin-right: 4%;\"><div class=\"fusion-column-wrapper fusion-flex-column-wrapper-legacy\"><div class=\"fusion-counters-circle counters-circle\" data-animationOffset=\"top-into-view\"><div class=\"counter-circle-wrapper\" style=\"--awb-font-size:50px;--awb-size:220px;\" data-originalsize=\"220\"><div class=\"fusion-counter-circle counter-circle counter-circle-content\" data-percent=\"75\" data-countdown=\"\" data-filledcolor=\"rgba(255,77,0,1)\" data-unfilledcolor=\"rgba(246,246,246,1)\" data-scale=\"\" data-size=\"220\" data-speed=\"2000\" data-strokesize=\"11\"><div class=\"fusion-counter-circle-content-inner\">DYNAMIK<\/div><\/div><\/div><\/div><div class=\"fusion-text fusion-text-5\"><\/div><div class=\"fusion-clearfix\"><\/div><\/div><\/div><div class=\"fusion-layout-column fusion_builder_column fusion-builder-column-5 fusion_builder_column_4_5 4_5 fusion-four-fifth fusion-column-last\" style=\"--awb-bg-size:cover;--awb-margin-bottom:0px;width:80%;width:calc(80% - ( ( 4% ) * 0.8 ) );\"><div class=\"fusion-column-wrapper fusion-flex-column-wrapper-legacy\"><div class=\"fusion-text fusion-text-6\"><p><span style=\"color: #000000;\">Wir erfinden uns nicht jeden Tag neu, jedoch sind wir alles andere als statische Denker. Lernbereitschaft, flexibles Denken, Neugierde und der Anspruch, die beste L\u00f6sung zu finden, machen uns zu einem dynamischen Unternehmen.<\/span><\/p>\n<ul>\n<li>flexible Anpassung an alle Aufgabengr\u00f6\u00dfen, komplexe sowie einfache Projekte<\/li>\n<li>Anpassung an M\u00e4rkte, technische energiewirtschaftliche Entwicklungen<\/li>\n<li>\u00fcbergreifend denken<\/li>\n<\/ul>\n<\/div><div class=\"fusion-clearfix\"><\/div><\/div><\/div><\/div><\/div><div class=\"fusion-fullwidth fullwidth-box fusion-builder-row-4 nonhundred-percent-fullwidth non-hundred-percent-height-scrolling\" style=\"--awb-border-radius-top-left:0px;--awb-border-radius-top-right:0px;--awb-border-radius-bottom-right:0px;--awb-border-radius-bottom-left:0px;--awb-flex-wrap:wrap;\" ><div class=\"fusion-builder-row fusion-row\"><div class=\"fusion-layout-column fusion_builder_column fusion-builder-column-6 fusion_builder_column_1_5 1_5 fusion-one-fifth fusion-column-first\" style=\"--awb-bg-size:cover;width:20%;width:calc(20% - ( ( 4% ) * 0.2 ) );margin-right: 4%;\"><div class=\"fusion-column-wrapper fusion-flex-column-wrapper-legacy\"><div class=\"fusion-counters-circle counters-circle\" data-animationOffset=\"top-into-view\"><div class=\"counter-circle-wrapper\" style=\"--awb-font-size:50px;--awb-size:220px;\" data-originalsize=\"220\"><div class=\"fusion-counter-circle counter-circle counter-circle-content\" data-percent=\"100\" data-countdown=\"\" data-filledcolor=\"rgba(255,77,0,1)\" data-unfilledcolor=\"rgba(246,246,246,1)\" data-scale=\"\" data-size=\"220\" data-speed=\"2000\" data-strokesize=\"11\"><div class=\"fusion-counter-circle-content-inner\">OPTIMIERUNG<\/div><\/div><\/div><\/div><div class=\"fusion-text fusion-text-7\"><\/div><div class=\"fusion-text fusion-text-8\"><\/div><div class=\"fusion-clearfix\"><\/div><\/div><\/div><div class=\"fusion-layout-column fusion_builder_column fusion-builder-column-7 fusion_builder_column_4_5 4_5 fusion-four-fifth fusion-column-last\" style=\"--awb-bg-size:cover;--awb-margin-bottom:0px;width:80%;width:calc(80% - ( ( 4% ) * 0.8 ) );\"><div class=\"fusion-column-wrapper fusion-flex-column-wrapper-legacy\"><div class=\"fusion-text fusion-text-9\"><p><span style=\"color: #000000;\">Wir optimieren mit Begeisterung und weil wir Freude daran haben, die beste L\u00f6sung f\u00fcr unsere Kunden zu finden. Optimierung ist unser Anspruch. Wir optimieren das Betriebsverhalten von Anlagen sowohl aus Sicht der Instandhaltung als auch mit Blick auf den Energieverbrauch, die Effizienz sowie den Schadstoffaussto\u00df. Im Zusammenspiel der W\u00e4rme- und K\u00e4lte-Quellen und Senken finden wir unter Ber\u00fccksichtigung des Temperaturniveaus die optimalen Energiestr\u00f6me.<\/span><\/p>\n<p><span style=\"color: #000000;\">Auf Wunsch sichten und optimieren wir bestehende Liefervertr\u00e4ge und -konditionen (Preise, Netznutzungsentgelte, Leistungspreise etc. Strom, Gas, Fernw\u00e4rme, Contracting,..)<\/span><\/p>\n<\/div><div class=\"fusion-clearfix\"><\/div><\/div><\/div><\/div><\/div><div class=\"fusion-fullwidth fullwidth-box fusion-builder-row-5 nonhundred-percent-fullwidth non-hundred-percent-height-scrolling\" style=\"--awb-border-radius-top-left:0px;--awb-border-radius-top-right:0px;--awb-border-radius-bottom-right:0px;--awb-border-radius-bottom-left:0px;--awb-flex-wrap:wrap;\" ><div class=\"fusion-builder-row fusion-row\"><div class=\"fusion-layout-column fusion_builder_column fusion-builder-column-8 fusion_builder_column_1_1 1_1 fusion-one-full fusion-column-first fusion-column-last\" style=\"--awb-bg-size:cover;\"><div class=\"fusion-column-wrapper fusion-flex-column-wrapper-legacy\"><div class=\"fusion-clearfix\"><\/div><\/div><\/div><\/div><\/div><div class=\"fusion-fullwidth fullwidth-box fusion-builder-row-6 nonhundred-percent-fullwidth non-hundred-percent-height-scrolling\" style=\"--awb-border-radius-top-left:0px;--awb-border-radius-top-right:0px;--awb-border-radius-bottom-right:0px;--awb-border-radius-bottom-left:0px;--awb-flex-wrap:wrap;\" ><\/div><\/p>\n","protected":false},"excerpt":{"rendered":"","protected":false},"author":1,"featured_media":0,"parent":0,"menu_order":40,"comment_status":"closed","ping_status":"closed","template":"","meta":{"_exactmetrics_skip_tracking":false,"_exactmetrics_sitenote_active":false,"_exactmetrics_sitenote_note":"","_exactmetrics_sitenote_category":0,"footnotes":""},"class_list":["post-18","page","type-page","status-publish","hentry"],"_links":{"self":[{"href":"https:\/\/eido-germany.de\/index.php?rest_route=\/wp\/v2\/pages\/18","targetHints":{"allow":["GET"]}}],"collection":[{"href":"https:\/\/eido-germany.de\/index.php?rest_route=\/wp\/v2\/pages"}],"about":[{"href":"https:\/\/eido-germany.de\/index.php?rest_route=\/wp\/v2\/types\/page"}],"author":[{"embeddable":true,"href":"https:\/\/eido-germany.de\/index.php?rest_route=\/wp\/v2\/users\/1"}],"replies":[{"embeddable":true,"href":"https:\/\/eido-germany.de\/index.php?rest_route=%2Fwp%2Fv2%2Fcomments&post=18"}],"version-history":[{"count":71,"href":"https:\/\/eido-germany.de\/index.php?rest_route=\/wp\/v2\/pages\/18\/revisions"}],"predecessor-version":[{"id":111,"href":"https:\/\/eido-germany.de\/index.php?rest_route=\/wp\/v2\/pages\/18\/revisions\/111"}],"wp:attachment":[{"href":"https:\/\/eido-germany.de\/index.php?rest_route=%2Fwp%2Fv2%2Fmedia&parent=18"}],"curies":[{"name":"wp","href":"https:\/\/api.w.org\/{rel}","templated":true}]}}