{"id":139,"date":"2018-02-22T21:03:11","date_gmt":"2018-02-22T20:03:11","guid":{"rendered":"http:\/\/eido-germany.de\/?page_id=139"},"modified":"2019-01-02T13:55:54","modified_gmt":"2019-01-02T12:55:54","slug":"leistungen","status":"publish","type":"page","link":"https:\/\/eido-germany.de\/?page_id=139","title":{"rendered":"Leistungen"},"content":{"rendered":"<div class=\"fusion-fullwidth fullwidth-box fusion-builder-row-1 nonhundred-percent-fullwidth non-hundred-percent-height-scrolling\" style=\"--awb-border-radius-top-left:0px;--awb-border-radius-top-right:0px;--awb-border-radius-bottom-right:0px;--awb-border-radius-bottom-left:0px;--awb-flex-wrap:wrap;\" ><div class=\"fusion-builder-row fusion-row\"><div class=\"fusion-layout-column fusion_builder_column fusion-builder-column-0 fusion_builder_column_1_1 1_1 fusion-one-full fusion-column-first fusion-column-last\" style=\"--awb-bg-size:cover;--awb-margin-bottom:0px;\"><div class=\"fusion-column-wrapper fusion-flex-column-wrapper-legacy\"><div class=\"fusion-text fusion-text-1\"><h1><span style=\"color: #ff4d00;\">Energiedienstleistungen f\u00fcr Immobilien, Gewerbe und Industrie<\/span><\/h1>\n<\/div><div class=\"fusion-text fusion-text-2\"><p>&nbsp;<\/p>\n<\/div><div class=\"fusion-text fusion-text-3\"><p>&nbsp;<\/p>\n<\/div><div class=\"fusion-content-boxes content-boxes columns row fusion-columns-2 fusion-columns-total-8 fusion-content-boxes-1 content-boxes-icon-on-side content-left\" style=\"--awb-hover-accent-color:#ff4d00;--awb-circle-hover-accent-color:#ff4d00;\" data-animationOffset=\"top-into-view\"><div style=\"--awb-backgroundcolor:rgba(255,255,255,0);--awb-content-padding-left:64px;\" class=\"fusion-column content-box-column content-box-column content-box-column-1 col-lg-6 col-md-6 col-sm-6 fusion-content-box-hover content-box-column-first-in-row\"><div class=\"col content-box-wrapper content-wrapper link-area-link-icon icon-hover-animation-fade\" data-animationOffset=\"top-into-view\"><div class=\"heading heading-with-icon icon-left\"><div class=\"icon\"><i style=\"border-color:#333333;border-width:1px;background-color:#333333;box-sizing:content-box;height:42px;width:42px;line-height:42px;border-radius:50%;font-size:21px;\" aria-hidden=\"true\" class=\"fontawesome-icon fa fa-search circle-yes\"><\/i><\/div><h2 class=\"content-box-heading\" style=\"--h2_typography-font-size:18px;line-height:23px;padding-left:64px;\">Analysen bestehender Systeme, Bedarfsanalysen in Energieversorgungssystemen<\/h2><\/div><div class=\"fusion-clearfix\"><\/div><div class=\"content-container\">\n<ul>\n<li>komplexe mobile Messungen (Stromaufnahmen, Temperaturen, Dr\u00fccke, Volumenstr\u00f6me, W\u00e4rmeleistungen, K\u00e4lteleistungen)<\/li>\n<li>Fehlersuche, Analyse, Identifizierung von Problemstellen<\/li>\n<li>Auswertung, Empfehlung, Reporting<\/li>\n<li>Monitoring, Weblive-Visualisierung<\/li>\n<\/ul>\n<\/div><\/div><\/div><div style=\"--awb-backgroundcolor:rgba(255,255,255,0);--awb-content-padding-left:64px;\" class=\"fusion-column content-box-column content-box-column content-box-column-2 col-lg-6 col-md-6 col-sm-6 fusion-content-box-hover content-box-column-last-in-row\"><div class=\"col content-box-wrapper content-wrapper link-area-link-icon icon-hover-animation-fade\" data-animationOffset=\"top-into-view\"><div class=\"heading heading-with-icon icon-left\"><div class=\"icon\"><i style=\"border-color:#333333;border-width:1px;background-color:#333333;box-sizing:content-box;height:42px;width:42px;line-height:42px;border-radius:50%;font-size:21px;\" aria-hidden=\"true\" class=\"fontawesome-icon fa-pencil-alt fas circle-yes\"><\/i><\/div><h2 class=\"content-box-heading\" style=\"--h2_typography-font-size:18px;line-height:23px;padding-left:64px;\">Finanzierung, Errichtung und Betrieb von Energieanlagen<\/h2><\/div><div class=\"fusion-clearfix\"><\/div><div class=\"content-container\">\n<ul>\n<li>Finanzierung und Bau von Energieanlagen<\/li>\n<li>Finanzierung und Umsetzung von Einsparma\u00dfnahmen<\/li>\n<li>Betriebsf\u00fchrung<\/li>\n<li>Kontinuierliche Optimierung<\/li>\n<li>Erstellung und Visualisierung spezifischer Kennzahlen (KPI)<\/li>\n<li>Monitoring, Messung und Abrechnung<\/li>\n<\/ul>\n<\/div><\/div><\/div><div style=\"--awb-backgroundcolor:rgba(255,255,255,0);--awb-content-padding-left:64px;\" class=\"fusion-column content-box-column content-box-column content-box-column-3 col-lg-6 col-md-6 col-sm-6 fusion-content-box-hover content-box-column-first-in-row\"><div class=\"col content-box-wrapper content-wrapper link-area-link-icon icon-hover-animation-fade\" data-animationOffset=\"top-into-view\"><div class=\"heading heading-with-icon icon-left\"><div class=\"icon\"><i style=\"border-color:#333333;border-width:1px;background-color:#333333;box-sizing:content-box;height:42px;width:42px;line-height:42px;border-radius:50%;font-size:21px;\" aria-hidden=\"true\" class=\"fontawesome-icon fa fa-pie-chart circle-yes\"><\/i><\/div><h2 class=\"content-box-heading\" style=\"--h2_typography-font-size:18px;line-height:23px;padding-left:64px;\">Projektsteuerungs- und Planungsleistungen f\u00fcr die Geb\u00e4udetechnik (Technische Ausr\u00fcstung)<\/h2><\/div><div class=\"fusion-clearfix\"><\/div><div class=\"content-container\">\n<ul>\n<li>Alle Leistungsphasen nach HOAI vollst\u00e4ndig oder als Teilleistungen<\/li>\n<li>Neuanlagen, Wiederaufbauten, Erweiterungsbauten, Umbauten, Modernisierungen, Instandhaltungen und Instandsetzungen<\/li>\n<li>Kostenberechnung nach DIN 276<\/li>\n<li>Projektmanagement, Projektsteuerung<\/li>\n<\/ul>\n<\/div><\/div><\/div><div style=\"--awb-backgroundcolor:rgba(255,255,255,0);--awb-content-padding-left:64px;\" class=\"fusion-column content-box-column content-box-column content-box-column-4 col-lg-6 col-md-6 col-sm-6 fusion-content-box-hover content-box-column-last-in-row\"><div class=\"col content-box-wrapper content-wrapper link-area-link-icon icon-hover-animation-fade\" data-animationOffset=\"top-into-view\"><div class=\"heading heading-with-icon icon-left\"><div class=\"icon\"><i style=\"border-color:#333333;border-width:1px;background-color:#333333;box-sizing:content-box;height:42px;width:42px;line-height:42px;border-radius:50%;font-size:21px;\" aria-hidden=\"true\" class=\"fontawesome-icon fa-chart-area fas circle-yes\"><\/i><\/div><h2 class=\"content-box-heading\" style=\"--h2_typography-font-size:18px;line-height:23px;padding-left:64px;\">Energiemonitoring \/ Energiemanagementsysteme (nach ISO 50001)<\/h2><\/div><div class=\"fusion-clearfix\"><\/div><div class=\"content-container\">\n<ul>\n<li>Mess-Konzeptentwicklung, Planung<\/li>\n<li>Lieferung, Einbau, Montage<\/li>\n<li>Monitoring, WebLive-Visualisierung<\/li>\n<li>Analyse, Auswertung, Empfehlung, Reporting<\/li>\n<\/ul>\n<\/div><\/div><\/div><div style=\"--awb-backgroundcolor:rgba(255,255,255,0);--awb-content-padding-left:64px;\" class=\"fusion-column content-box-column content-box-column content-box-column-5 col-lg-6 col-md-6 col-sm-6 fusion-content-box-hover content-box-column-first-in-row\"><div class=\"col content-box-wrapper content-wrapper link-area-link-icon icon-hover-animation-fade\" data-animationOffset=\"top-into-view\"><div class=\"heading heading-with-icon icon-left\"><div class=\"icon\"><i style=\"border-color:#333333;border-width:1px;background-color:#333333;box-sizing:content-box;height:42px;width:42px;line-height:42px;border-radius:50%;font-size:21px;\" aria-hidden=\"true\" class=\"fontawesome-icon fa fa-industry circle-yes\"><\/i><\/div><h2 class=\"content-box-heading\" style=\"--h2_typography-font-size:18px;line-height:23px;padding-left:64px;\">Technische Anlagen<\/h2><\/div><div class=\"fusion-clearfix\"><\/div><div class=\"content-container\">\n<ul>\n<li>Kesselanlagen f\u00fcr Gas, \u00d6l, biogene Brennstoffe (Holzpellets, Hackschnitzel)<\/li>\n<li>Solarthermie-, Photovoltaikanlagen<\/li>\n<li>Stromerzeuger (Notstrom-, Ersatz-, Inselsysteme)<\/li>\n<li>Kraft-W\u00e4rme-Kopplungsanlagen (BHKW)<\/li>\n<li>Kraft-W\u00e4rme-K\u00e4lte-Kopplungsanlagen (Absorber)<\/li>\n<li>Nahw\u00e4rmenetze, Pufferspeicher, \u00dcbergabestationen<\/li>\n<li>Heiz-, Dampf-, K\u00e4lte- und Druckluftzentralen, Trafostationen<\/li>\n<li>Biomasseanlagen, W\u00e4rmepumpen<\/li>\n<li>L\u00fcftungs- und Klimaanlagen<\/li>\n<\/ul>\n<\/div><\/div><\/div><div style=\"--awb-backgroundcolor:rgba(255,255,255,0);--awb-content-padding-left:64px;\" class=\"fusion-column content-box-column content-box-column content-box-column-6 col-lg-6 col-md-6 col-sm-6 fusion-content-box-hover content-box-column-last-in-row\"><div class=\"col content-box-wrapper content-wrapper link-area-link-icon icon-hover-animation-fade\" data-animationOffset=\"top-into-view\"><div class=\"heading heading-with-icon icon-left\"><div class=\"icon\"><i style=\"border-color:#333333;border-width:1px;background-color:#333333;box-sizing:content-box;height:42px;width:42px;line-height:42px;border-radius:50%;font-size:21px;\" aria-hidden=\"true\" class=\"fontawesome-icon fa-file-alt fas circle-yes\"><\/i><\/div><h2 class=\"content-box-heading\" style=\"--h2_typography-font-size:18px;line-height:23px;padding-left:64px;\">Konzepterstellung<\/h2><\/div><div class=\"fusion-clearfix\"><\/div><div class=\"content-container\">\n<ul>\n<li>Konzeptentwicklung f\u00fcr Energieversorgungsanlagen<\/li>\n<li>Einsparkonzepte<\/li>\n<li>W\u00e4rmer\u00fcckgewinnungskonzepte (WRG)<\/li>\n<li>Eigenstromerzeugung<\/li>\n<li>Planung, Ausschreibung<\/li>\n<li>Umsetzung von Ma\u00dfnahmen<\/li>\n<li>Erfolgskontrolle, Nachweisf\u00fchrung<\/li>\n<li>\u00dcberwachung und Sicherstellung der Einsparungen<\/li>\n<li>Verifizierung der Einsparungen nach internationalen Standards (IPMVP)<\/li>\n<\/ul>\n<\/div><\/div><\/div><div style=\"--awb-backgroundcolor:rgba(255,255,255,0);--awb-content-padding-left:64px;\" class=\"fusion-column content-box-column content-box-column content-box-column-7 col-lg-6 col-md-6 col-sm-6 fusion-content-box-hover content-box-column-first-in-row\"><div class=\"col content-box-wrapper content-wrapper link-area-link-icon icon-hover-animation-fade\" data-animationOffset=\"top-into-view\"><div class=\"heading heading-with-icon icon-left\"><div class=\"icon\"><i style=\"border-color:#333333;border-width:1px;background-color:#333333;box-sizing:content-box;height:42px;width:42px;line-height:42px;border-radius:50%;font-size:21px;\" aria-hidden=\"true\" class=\"fontawesome-icon fa-chart-line fas circle-yes\"><\/i><\/div><h2 class=\"content-box-heading\" style=\"--h2_typography-font-size:18px;line-height:23px;padding-left:64px;\">Technische und wirtschaftliche Beratung<\/h2><\/div><div class=\"fusion-clearfix\"><\/div><div class=\"content-container\">\n<ul>\n<li>Identifizierung von Einsparpotentialen<\/li>\n<li>Ma\u00dfnahmenentwicklung und -umsetzung zur Steigerung der Effizienz und Reduzierung der Betriebskosten<\/li>\n<li>Nutzungsgradoptimierung<\/li>\n<li>W\u00e4rmer\u00fcckgewinnungskonzepte<\/li>\n<li>Stromerzeugungskonzepte (Notstrom, Ersatzstrom, Insell\u00f6sungen, Hybrid)<\/li>\n<li>Konzepte zur Nutzung Erneuerbarer Energien, KWK, KWKK<\/li>\n<li>Ermittlung und Ausweisung der CO2-Einsparung<\/li>\n<li>Pr\u00fcfung bestehender Konzepte<\/li>\n<li>Bestandsaufnahmen und Dokumentation<\/li>\n<li>Wirtschaftlichkeitsberechnungen, Sensitivit\u00e4tsanalysen, Rendite-, Cash-Flow- und Liquidit\u00e4tsentwicklungen<\/li>\n<li>Sichtung und Optimierung der bestehenden Liefervertr\u00e4ge und -konditionen (Preise, Netznutzungsentgelte, Leistungspreise etc. Strom, Gas, Fernw\u00e4rme, Contracting,..)<\/li>\n<li>Identifizierung und Beantragung von F\u00f6rderungen, Subventionen, Zusch\u00fcssen, Beg\u00fcnstigungen, Steuerentlastungen, R\u00fcckerstattungen gem. EEG, StromStG, EnergieStG, KWKG etc.<\/li>\n<li>Antragsmanagement f\u00fcr Erdgas- und Stromsteuererstattungen<\/li>\n<\/ul>\n<\/div><\/div><\/div><div style=\"--awb-backgroundcolor:rgba(255,255,255,0);--awb-content-padding-left:64px;\" class=\"fusion-column content-box-column content-box-column content-box-column-8 col-lg-6 col-md-6 col-sm-6 fusion-content-box-hover content-box-column-last content-box-column-last-in-row\"><div class=\"col content-box-wrapper content-wrapper link-area-link-icon icon-hover-animation-fade\" data-animationOffset=\"top-into-view\"><div class=\"heading heading-with-icon icon-left\"><div class=\"icon\"><i style=\"border-color:#333333;border-width:1px;background-color:#333333;box-sizing:content-box;height:42px;width:42px;line-height:42px;border-radius:50%;font-size:21px;\" aria-hidden=\"true\" class=\"fontawesome-icon fa fa-connectdevelop circle-yes\"><\/i><\/div><h2 class=\"content-box-heading\" style=\"--h2_typography-font-size:18px;line-height:23px;padding-left:64px;\">Medien<\/h2><\/div><div class=\"fusion-clearfix\"><\/div><div class=\"content-container\">\n<ul>\n<li>Strom<\/li>\n<li>Erdgas<\/li>\n<li>Biogas<\/li>\n<li>Dampf<\/li>\n<li>(Fern-) W\u00e4rme<\/li>\n<li>Thermal\u00f6l<\/li>\n<li>K\u00e4lte<\/li>\n<li>Luft<\/li>\n<li>Druckluft<\/li>\n<li>Licht (LED)<\/li>\n<\/ul>\n<\/div><\/div><\/div><div class=\"fusion-clearfix\"><\/div><\/div><div class=\"fusion-text fusion-text-4\"><h3><\/h3>\n<h3 style=\"text-align: center;\">F\u00fcr weitere Fragen stehen wir Ihnen telefonisch oder per E-Mail zur Verf\u00fcgung.<\/h3>\n<\/div><div class=\"fusion-clearfix\"><\/div><\/div><\/div><\/div><\/div>\n","protected":false},"excerpt":{"rendered":"","protected":false},"author":1,"featured_media":0,"parent":0,"menu_order":15,"comment_status":"closed","ping_status":"closed","template":"","meta":{"_exactmetrics_skip_tracking":false,"_exactmetrics_sitenote_active":false,"_exactmetrics_sitenote_note":"","_exactmetrics_sitenote_category":0,"footnotes":""},"class_list":["post-139","page","type-page","status-publish","hentry"],"_links":{"self":[{"href":"https:\/\/eido-germany.de\/index.php?rest_route=\/wp\/v2\/pages\/139","targetHints":{"allow":["GET"]}}],"collection":[{"href":"https:\/\/eido-germany.de\/index.php?rest_route=\/wp\/v2\/pages"}],"about":[{"href":"https:\/\/eido-germany.de\/index.php?rest_route=\/wp\/v2\/types\/page"}],"author":[{"embeddable":true,"href":"https:\/\/eido-germany.de\/index.php?rest_route=\/wp\/v2\/users\/1"}],"replies":[{"embeddable":true,"href":"https:\/\/eido-germany.de\/index.php?rest_route=%2Fwp%2Fv2%2Fcomments&post=139"}],"version-history":[{"count":25,"href":"https:\/\/eido-germany.de\/index.php?rest_route=\/wp\/v2\/pages\/139\/revisions"}],"predecessor-version":[{"id":394,"href":"https:\/\/eido-germany.de\/index.php?rest_route=\/wp\/v2\/pages\/139\/revisions\/394"}],"wp:attachment":[{"href":"https:\/\/eido-germany.de\/index.php?rest_route=%2Fwp%2Fv2%2Fmedia&parent=139"}],"curies":[{"name":"wp","href":"https:\/\/api.w.org\/{rel}","templated":true}]}}